{"id":25259,"date":"2023-06-30T07:13:50","date_gmt":"2023-06-30T05:13:50","guid":{"rendered":"http:\/\/air.esi.uclm.es\/vrzoco\/?page_id=25259"},"modified":"2025-01-19T20:04:48","modified_gmt":"2025-01-19T19:04:48","slug":"architecture","status":"publish","type":"page","link":"https:\/\/air.esi.uclm.es\/vrzoco\/index.php\/architecture\/","title":{"rendered":"Architecture"},"content":{"rendered":"\t\t<div data-elementor-type=\"wp-post\" data-elementor-id=\"25259\" class=\"elementor elementor-25259\">\n\t\t\t\t\t\t<section class=\"elementor-section elementor-top-section elementor-element elementor-element-65ddfad3 elementor-section-boxed elementor-section-height-default elementor-section-height-default\" data-id=\"65ddfad3\" data-element_type=\"section\" data-settings=\"{&quot;background_background&quot;:&quot;gradient&quot;}\">\n\t\t\t\t\t\t<div class=\"elementor-container elementor-column-gap-default\">\n\t\t\t\t\t<div class=\"elementor-column elementor-col-100 elementor-top-column elementor-element elementor-element-c947ffe\" data-id=\"c947ffe\" data-element_type=\"column\">\n\t\t\t<div class=\"elementor-widget-wrap elementor-element-populated\">\n\t\t\t\t\t\t<div class=\"elementor-element elementor-element-35eed52 elementor-widget elementor-widget-image-box\" data-id=\"35eed52\" data-element_type=\"widget\" data-widget_type=\"image-box.default\">\n\t\t\t\t<div class=\"elementor-widget-container\">\n\t\t\t<div class=\"elementor-image-box-wrapper\"><div class=\"elementor-image-box-content\"><h1 class=\"elementor-image-box-title\">Architecture<\/h1><p class=\"elementor-image-box-description\">Description of VR-ZOCO's multi-layered architecture <\/p><\/div><\/div>\t\t<\/div>\n\t\t\t\t<\/div>\n\t\t\t\t\t<\/div>\n\t\t<\/div>\n\t\t\t\t\t<\/div>\n\t\t<\/section>\n\t\t\t\t<section class=\"elementor-section elementor-top-section elementor-element elementor-element-ac8914e elementor-section-boxed elementor-section-height-default elementor-section-height-default\" data-id=\"ac8914e\" data-element_type=\"section\" data-settings=\"{&quot;background_background&quot;:&quot;classic&quot;,&quot;shape_divider_top&quot;:&quot;waves&quot;}\">\n\t\t\t\t\t<div class=\"elementor-shape elementor-shape-top\" data-negative=\"false\">\n\t\t\t<svg xmlns=\"http:\/\/www.w3.org\/2000\/svg\" viewBox=\"0 0 1000 100\" preserveAspectRatio=\"none\">\n\t<path class=\"elementor-shape-fill\" d=\"M421.9,6.5c22.6-2.5,51.5,0.4,75.5,5.3c23.6,4.9,70.9,23.5,100.5,35.7c75.8,32.2,133.7,44.5,192.6,49.7\n\tc23.6,2.1,48.7,3.5,103.4-2.5c54.7-6,106.2-25.6,106.2-25.6V0H0v30.3c0,0,72,32.6,158.4,30.5c39.2-0.7,92.8-6.7,134-22.4\n\tc21.2-8.1,52.2-18.2,79.7-24.2C399.3,7.9,411.6,7.5,421.9,6.5z\"\/>\n<\/svg>\t\t<\/div>\n\t\t\t\t\t<div class=\"elementor-container elementor-column-gap-default\">\n\t\t\t\t\t<div class=\"elementor-column elementor-col-100 elementor-top-column elementor-element elementor-element-3eb719e\" data-id=\"3eb719e\" data-element_type=\"column\">\n\t\t\t<div class=\"elementor-widget-wrap elementor-element-populated\">\n\t\t\t\t\t\t<div class=\"elementor-element elementor-element-f614d96 elementor-widget elementor-widget-heading\" data-id=\"f614d96\" data-element_type=\"widget\" data-widget_type=\"heading.default\">\n\t\t\t\t<div class=\"elementor-widget-container\">\n\t\t\t<h2 class=\"elementor-heading-title elementor-size-default\">A Glimpse Inside VR-ZOCO<\/h2>\t\t<\/div>\n\t\t\t\t<\/div>\n\t\t\t\t<div class=\"elementor-element elementor-element-75d18bc elementor-widget elementor-widget-image\" data-id=\"75d18bc\" data-element_type=\"widget\" data-widget_type=\"image.default\">\n\t\t\t\t<div class=\"elementor-widget-container\">\n\t\t\t\t\t\t\t\t\t\t\t\t\t<img fetchpriority=\"high\" decoding=\"async\" width=\"1024\" height=\"656\" src=\"https:\/\/air.esi.uclm.es\/vrzoco\/wp-content\/uploads\/2023\/07\/VRZOCO_architecture-1024x656.jpeg\" class=\"attachment-large size-large wp-image-25346\" alt=\"\" srcset=\"https:\/\/air.esi.uclm.es\/vrzoco\/wp-content\/uploads\/2023\/07\/VRZOCO_architecture-1024x656.jpeg 1024w, https:\/\/air.esi.uclm.es\/vrzoco\/wp-content\/uploads\/2023\/07\/VRZOCO_architecture-300x192.jpeg 300w, https:\/\/air.esi.uclm.es\/vrzoco\/wp-content\/uploads\/2023\/07\/VRZOCO_architecture-768x492.jpeg 768w, https:\/\/air.esi.uclm.es\/vrzoco\/wp-content\/uploads\/2023\/07\/VRZOCO_architecture-1536x984.jpeg 1536w, https:\/\/air.esi.uclm.es\/vrzoco\/wp-content\/uploads\/2023\/07\/VRZOCO_architecture-2048x1312.jpeg 2048w\" sizes=\"(max-width: 1024px) 100vw, 1024px\" \/>\t\t\t\t\t\t\t\t\t\t\t\t\t<\/div>\n\t\t\t\t<\/div>\n\t\t\t\t<section class=\"elementor-section elementor-inner-section elementor-element elementor-element-8a7d51c elementor-section-boxed elementor-section-height-default elementor-section-height-default\" data-id=\"8a7d51c\" data-element_type=\"section\">\n\t\t\t\t\t\t<div class=\"elementor-container elementor-column-gap-default\">\n\t\t\t\t\t<div class=\"elementor-column elementor-col-100 elementor-inner-column elementor-element elementor-element-c6f9936\" data-id=\"c6f9936\" data-element_type=\"column\">\n\t\t\t<div class=\"elementor-widget-wrap elementor-element-populated\">\n\t\t\t\t\t\t<div class=\"elementor-element elementor-element-771db5a elementor-widget elementor-widget-heading\" data-id=\"771db5a\" data-element_type=\"widget\" data-widget_type=\"heading.default\">\n\t\t\t\t<div class=\"elementor-widget-container\">\n\t\t\t<h2 class=\"elementor-heading-title elementor-size-default\">Architecture's brief description<\/h2>\t\t<\/div>\n\t\t\t\t<\/div>\n\t\t\t\t<div class=\"elementor-element elementor-element-95056f1 elementor-widget elementor-widget-text-editor\" data-id=\"95056f1\" data-element_type=\"widget\" data-widget_type=\"text-editor.default\">\n\t\t\t\t<div class=\"elementor-widget-container\">\n\t\t\t\t\t\t\t<p>The <strong>Output<\/strong> <strong>layer<\/strong> will be responsible for presenting the products available in the VR environment. Moreover, a web environment will be served as alternative for product visualization. Additionally, plans tailored to each user&#8217;s profile will be shown based on offers or leisure activities around the collection points offered for the potential purchase that the user is going to make.<\/p><p>The <strong>AI-Based Reasoning<\/strong> layer will serve for recommending the most suitable products for the specific user, as well as the plans around the collection points. User profiles will be updated as the user interacts with the platform, allowing this layer to infer new possible recommendations and plans. However, the platform will offer both options: picking-up the products motivated by offering those plans and delivery to home. In addition, this layer manages a fair distribution of potential sales and benefits for the small businesses, taking into account variables such as stock or sales made.<\/p><p>The<strong> Input layer<\/strong> will record the actions of the potential buyer within the platform. Interactions showing user interest within the virtual environment can be measured using the SDKs and technologies integrated into the VR headsets, as well as in the web part. To help the user easily find what they want, an avatar of a virtual assistant will be offered to help find specific products within the virtual space to interact with. Also, clients can also interact with avatars of sellers to know more about the background and details of products.<\/p><p>The remaining layers serve to support these layers. The <strong>Persistence layer<\/strong> will store all necessary data in different data repositories. The various institutions and businesses that wish to join will be considered when generating plans around collection points. From the seller&#8217;s perspective, they will have the possibility of scanning their products so that they can be included in the platform and be represented in the VR environment as realistic 3D models. Furthermore, these 3D models must be categorized for their presentation in the virtual environment, as well as to know their availability or collect useful statistics for the seller.<\/p>\t\t\t\t\t\t<\/div>\n\t\t\t\t<\/div>\n\t\t\t\t\t<\/div>\n\t\t<\/div>\n\t\t\t\t\t<\/div>\n\t\t<\/section>\n\t\t\t\t<div class=\"elementor-element elementor-element-2be9914 elementor-widget elementor-widget-heading\" data-id=\"2be9914\" data-element_type=\"widget\" data-widget_type=\"heading.default\">\n\t\t\t\t<div class=\"elementor-widget-container\">\n\t\t\t<h2 class=\"elementor-heading-title elementor-size-default\">References<\/h2>\t\t<\/div>\n\t\t\t\t<\/div>\n\t\t\t\t<div class=\"elementor-element elementor-element-5bf82cf elementor-widget elementor-widget-text-editor\" data-id=\"5bf82cf\" data-element_type=\"widget\" data-widget_type=\"text-editor.default\">\n\t\t\t\t<div class=\"elementor-widget-container\">\n\t\t\t\t\t\t\t<p>Grande, R., S\u00e1nchez-Sobrino, S., Vallejo, D., Castro-Schez, J. and Albusac, J. \u00abSupporting Small Businesses and Local Economies Through Virtual Reality Shopping and Artificial Intelligence: A Position Paper\u00bb. &nbsp;In Proceedings of the 25th International Conference on Enterprise Information Systems (ICEIS 2023) &#8211; Vol. 2, pp. 312-319, ISBN: 978-989-758-648-4; ISSN: 2184-4992.&nbsp;<b style=\"font-size: 1rem;\">[<\/b><strong style=\"font-size: 1rem;\"><a href=\"https:\/\/www.scitepress.org\/Link.aspx?doi=10.5220\/0011964600003467\" style=\"transition-delay: 0s;\">DOI<\/a>]<\/strong><\/p>\n<p>R. Grande, J. Albusac, J. J. Castro-Schez, D. Vallejo and S. S\u00e1nchez-Sobrino, \u00abA Virtual Reality Shopping platform for enhancing e-commerce activities of small businesses and local economies\u00bb. <span style=\"font-size: 1rem; font-style: inherit;\">&nbsp;In Proceedings of&nbsp;<\/span><em>2023 IEEE International Symposium on Mixed and Augmented Reality Adjunct (ISMAR-Adjunct)<\/em><span style=\"font-style: inherit;\">, Sydney, Australia, 2023, pp. 793-796, ISBN:&nbsp;<\/span><span _ngcontent-syn-c173=\"\" style=\"white-space: nowrap; caret-color: rgb(51, 51, 51); color: rgb(51, 51, 51); font-family: &quot;HelveticaNeue Regular&quot;, sans-serif; font-size: 18px;\">979-8-3503-2891-2<\/span><span style=\"font-style: inherit;\">.&nbsp;<\/span><b style=\"font-size: 1rem;\">[<\/b><strong style=\"font-size: 1rem; font-style: inherit;\"><a href=\"https:\/\/doi.org\/10.1109\/ISMAR-Adjunct60411.2023.00175\" style=\"transition-delay: 0s;\">DOI<\/a>]<\/strong><\/p>\n<p>Castro-Schez, Jos\u00e9 Jes\u00fas, Rub\u00e9n Grande, Vanesa Herrera, Santiago Schez-Sobrino, David Vallejo, and Javier Albusac. 2024. \u00abE-Marketplace State of the Art and Trends: VR-ZOCO\u2014An Architectural Proposal for the Future\u00bb. <em>Applied System Innovation<\/em><span style=\"font-style: inherit;\">&nbsp;<\/span>Vol<span style=\"font-style: inherit;\">&nbsp;. 7, no. 5, &nbsp;pp. 76.&nbsp;<\/span><span style=\"font-size: 1rem;\"><b>[<\/b><\/span><strong style=\"font-size: 1rem;\"><a href=\"https:\/\/doi.org\/10.3390\/asi7050076\" style=\"transition-delay: 0s;\">DOI<\/a><\/strong><span style=\"font-size: 1rem; font-style: inherit;\"><b>]<\/b><\/span><\/p>\t\t\t\t\t\t<\/div>\n\t\t\t\t<\/div>\n\t\t\t\t\t<\/div>\n\t\t<\/div>\n\t\t\t\t\t<\/div>\n\t\t<\/section>\n\t\t\t\t<\/div>\n\t\t","protected":false},"excerpt":{"rendered":"<p>Architecture Description of VR-ZOCO&#8217;s multi-layered architecture A Glimpse Inside VR-ZOCO Architecture&#8217;s brief description The Output layer will be responsible for presenting the products available in the VR environment. Moreover, a web environment will be served as alternative for product visualization. Additionally, plans tailored to each user&#8217;s profile will be shown based on offers or leisure &hellip;<\/p>\n<p class=\"read-more\"> <a class=\"\" href=\"https:\/\/air.esi.uclm.es\/vrzoco\/index.php\/architecture\/\"> <span class=\"screen-reader-text\">Architecture<\/span> Leer m\u00e1s &raquo;<\/a><\/p>\n","protected":false},"author":1,"featured_media":0,"parent":0,"menu_order":0,"comment_status":"closed","ping_status":"closed","template":"","meta":{"site-sidebar-layout":"no-sidebar","site-content-layout":"page-builder","ast-global-header-display":"","ast-banner-title-visibility":"","ast-main-header-display":"","ast-hfb-above-header-display":"","ast-hfb-below-header-display":"","ast-hfb-mobile-header-display":"","site-post-title":"disabled","ast-breadcrumbs-content":"","ast-featured-img":"disabled","footer-sml-layout":"","theme-transparent-header-meta":"enabled","adv-header-id-meta":"","stick-header-meta":"","header-above-stick-meta":"","header-main-stick-meta":"","header-below-stick-meta":"","footnotes":""},"class_list":["post-25259","page","type-page","status-publish","hentry"],"yoast_head":"<!-- This site is optimized with the Yoast SEO plugin v23.8 - https:\/\/yoast.com\/wordpress\/plugins\/seo\/ -->\n<title>Architecture - Proyecto Vrzoco<\/title>\n<meta name=\"robots\" content=\"index, follow, max-snippet:-1, max-image-preview:large, max-video-preview:-1\" \/>\n<link rel=\"canonical\" href=\"https:\/\/air.esi.uclm.es\/vrzoco\/index.php\/architecture\/\" \/>\n<meta property=\"og:locale\" content=\"es_ES\" \/>\n<meta property=\"og:type\" content=\"article\" \/>\n<meta property=\"og:title\" content=\"Architecture - Proyecto Vrzoco\" \/>\n<meta property=\"og:description\" content=\"Architecture Description of VR-ZOCO&#8217;s multi-layered architecture A Glimpse Inside VR-ZOCO Architecture&#8217;s brief description The Output layer will be responsible for presenting the products available in the VR environment. Moreover, a web environment will be served as alternative for product visualization. Additionally, plans tailored to each user&#8217;s profile will be shown based on offers or leisure &hellip; Architecture Leer m\u00e1s &raquo;\" \/>\n<meta property=\"og:url\" content=\"https:\/\/air.esi.uclm.es\/vrzoco\/index.php\/architecture\/\" \/>\n<meta property=\"og:site_name\" content=\"Proyecto Vrzoco\" \/>\n<meta property=\"article:modified_time\" content=\"2025-01-19T19:04:48+00:00\" \/>\n<meta property=\"og:image\" content=\"https:\/\/air.esi.uclm.es\/vrzoco\/wp-content\/uploads\/2023\/07\/VRZOCO_architecture.jpeg\" \/>\n\t<meta property=\"og:image:width\" content=\"2248\" \/>\n\t<meta property=\"og:image:height\" content=\"1440\" \/>\n\t<meta property=\"og:image:type\" content=\"image\/jpeg\" \/>\n<meta name=\"twitter:card\" content=\"summary_large_image\" \/>\n<meta name=\"twitter:label1\" content=\"Tiempo de lectura\" \/>\n\t<meta name=\"twitter:data1\" content=\"3 minutos\" \/>\n<script type=\"application\/ld+json\" class=\"yoast-schema-graph\">{\"@context\":\"https:\/\/schema.org\",\"@graph\":[{\"@type\":\"WebPage\",\"@id\":\"https:\/\/air.esi.uclm.es\/vrzoco\/index.php\/architecture\/\",\"url\":\"https:\/\/air.esi.uclm.es\/vrzoco\/index.php\/architecture\/\",\"name\":\"Architecture - Proyecto Vrzoco\",\"isPartOf\":{\"@id\":\"https:\/\/air.esi.uclm.es\/vrzoco\/#website\"},\"primaryImageOfPage\":{\"@id\":\"https:\/\/air.esi.uclm.es\/vrzoco\/index.php\/architecture\/#primaryimage\"},\"image\":{\"@id\":\"https:\/\/air.esi.uclm.es\/vrzoco\/index.php\/architecture\/#primaryimage\"},\"thumbnailUrl\":\"http:\/\/air.esi.uclm.es\/vrzoco\/wp-content\/uploads\/2023\/07\/VRZOCO_architecture-1024x656.jpeg\",\"datePublished\":\"2023-06-30T05:13:50+00:00\",\"dateModified\":\"2025-01-19T19:04:48+00:00\",\"breadcrumb\":{\"@id\":\"https:\/\/air.esi.uclm.es\/vrzoco\/index.php\/architecture\/#breadcrumb\"},\"inLanguage\":\"es\",\"potentialAction\":[{\"@type\":\"ReadAction\",\"target\":[\"https:\/\/air.esi.uclm.es\/vrzoco\/index.php\/architecture\/\"]}]},{\"@type\":\"ImageObject\",\"inLanguage\":\"es\",\"@id\":\"https:\/\/air.esi.uclm.es\/vrzoco\/index.php\/architecture\/#primaryimage\",\"url\":\"http:\/\/air.esi.uclm.es\/vrzoco\/wp-content\/uploads\/2023\/07\/VRZOCO_architecture-1024x656.jpeg\",\"contentUrl\":\"http:\/\/air.esi.uclm.es\/vrzoco\/wp-content\/uploads\/2023\/07\/VRZOCO_architecture-1024x656.jpeg\"},{\"@type\":\"BreadcrumbList\",\"@id\":\"https:\/\/air.esi.uclm.es\/vrzoco\/index.php\/architecture\/#breadcrumb\",\"itemListElement\":[{\"@type\":\"ListItem\",\"position\":1,\"name\":\"Portada\",\"item\":\"https:\/\/air.esi.uclm.es\/vrzoco\/\"},{\"@type\":\"ListItem\",\"position\":2,\"name\":\"Architecture\"}]},{\"@type\":\"WebSite\",\"@id\":\"https:\/\/air.esi.uclm.es\/vrzoco\/#website\",\"url\":\"https:\/\/air.esi.uclm.es\/vrzoco\/\",\"name\":\"Proyecto Vrzoco\",\"description\":\"\",\"publisher\":{\"@id\":\"https:\/\/air.esi.uclm.es\/vrzoco\/#organization\"},\"potentialAction\":[{\"@type\":\"SearchAction\",\"target\":{\"@type\":\"EntryPoint\",\"urlTemplate\":\"https:\/\/air.esi.uclm.es\/vrzoco\/?s={search_term_string}\"},\"query-input\":{\"@type\":\"PropertyValueSpecification\",\"valueRequired\":true,\"valueName\":\"search_term_string\"}}],\"inLanguage\":\"es\"},{\"@type\":\"Organization\",\"@id\":\"https:\/\/air.esi.uclm.es\/vrzoco\/#organization\",\"name\":\"Proyecto Vrzoco\",\"url\":\"https:\/\/air.esi.uclm.es\/vrzoco\/\",\"logo\":{\"@type\":\"ImageObject\",\"inLanguage\":\"es\",\"@id\":\"https:\/\/air.esi.uclm.es\/vrzoco\/#\/schema\/logo\/image\/\",\"url\":\"https:\/\/air.esi.uclm.es\/vrzoco\/wp-content\/uploads\/2024\/11\/vrzoco_logos.png\",\"contentUrl\":\"https:\/\/air.esi.uclm.es\/vrzoco\/wp-content\/uploads\/2024\/11\/vrzoco_logos.png\",\"width\":3579,\"height\":282,\"caption\":\"Proyecto Vrzoco\"},\"image\":{\"@id\":\"https:\/\/air.esi.uclm.es\/vrzoco\/#\/schema\/logo\/image\/\"}}]}<\/script>\n<!-- \/ Yoast SEO plugin. -->","yoast_head_json":{"title":"Architecture - Proyecto Vrzoco","robots":{"index":"index","follow":"follow","max-snippet":"max-snippet:-1","max-image-preview":"max-image-preview:large","max-video-preview":"max-video-preview:-1"},"canonical":"https:\/\/air.esi.uclm.es\/vrzoco\/index.php\/architecture\/","og_locale":"es_ES","og_type":"article","og_title":"Architecture - Proyecto Vrzoco","og_description":"Architecture Description of VR-ZOCO&#8217;s multi-layered architecture A Glimpse Inside VR-ZOCO Architecture&#8217;s brief description The Output layer will be responsible for presenting the products available in the VR environment. Moreover, a web environment will be served as alternative for product visualization. Additionally, plans tailored to each user&#8217;s profile will be shown based on offers or leisure &hellip; Architecture Leer m\u00e1s &raquo;","og_url":"https:\/\/air.esi.uclm.es\/vrzoco\/index.php\/architecture\/","og_site_name":"Proyecto Vrzoco","article_modified_time":"2025-01-19T19:04:48+00:00","og_image":[{"width":2248,"height":1440,"url":"https:\/\/air.esi.uclm.es\/vrzoco\/wp-content\/uploads\/2023\/07\/VRZOCO_architecture.jpeg","type":"image\/jpeg"}],"twitter_card":"summary_large_image","twitter_misc":{"Tiempo de lectura":"3 minutos"},"schema":{"@context":"https:\/\/schema.org","@graph":[{"@type":"WebPage","@id":"https:\/\/air.esi.uclm.es\/vrzoco\/index.php\/architecture\/","url":"https:\/\/air.esi.uclm.es\/vrzoco\/index.php\/architecture\/","name":"Architecture - Proyecto Vrzoco","isPartOf":{"@id":"https:\/\/air.esi.uclm.es\/vrzoco\/#website"},"primaryImageOfPage":{"@id":"https:\/\/air.esi.uclm.es\/vrzoco\/index.php\/architecture\/#primaryimage"},"image":{"@id":"https:\/\/air.esi.uclm.es\/vrzoco\/index.php\/architecture\/#primaryimage"},"thumbnailUrl":"http:\/\/air.esi.uclm.es\/vrzoco\/wp-content\/uploads\/2023\/07\/VRZOCO_architecture-1024x656.jpeg","datePublished":"2023-06-30T05:13:50+00:00","dateModified":"2025-01-19T19:04:48+00:00","breadcrumb":{"@id":"https:\/\/air.esi.uclm.es\/vrzoco\/index.php\/architecture\/#breadcrumb"},"inLanguage":"es","potentialAction":[{"@type":"ReadAction","target":["https:\/\/air.esi.uclm.es\/vrzoco\/index.php\/architecture\/"]}]},{"@type":"ImageObject","inLanguage":"es","@id":"https:\/\/air.esi.uclm.es\/vrzoco\/index.php\/architecture\/#primaryimage","url":"http:\/\/air.esi.uclm.es\/vrzoco\/wp-content\/uploads\/2023\/07\/VRZOCO_architecture-1024x656.jpeg","contentUrl":"http:\/\/air.esi.uclm.es\/vrzoco\/wp-content\/uploads\/2023\/07\/VRZOCO_architecture-1024x656.jpeg"},{"@type":"BreadcrumbList","@id":"https:\/\/air.esi.uclm.es\/vrzoco\/index.php\/architecture\/#breadcrumb","itemListElement":[{"@type":"ListItem","position":1,"name":"Portada","item":"https:\/\/air.esi.uclm.es\/vrzoco\/"},{"@type":"ListItem","position":2,"name":"Architecture"}]},{"@type":"WebSite","@id":"https:\/\/air.esi.uclm.es\/vrzoco\/#website","url":"https:\/\/air.esi.uclm.es\/vrzoco\/","name":"Proyecto Vrzoco","description":"","publisher":{"@id":"https:\/\/air.esi.uclm.es\/vrzoco\/#organization"},"potentialAction":[{"@type":"SearchAction","target":{"@type":"EntryPoint","urlTemplate":"https:\/\/air.esi.uclm.es\/vrzoco\/?s={search_term_string}"},"query-input":{"@type":"PropertyValueSpecification","valueRequired":true,"valueName":"search_term_string"}}],"inLanguage":"es"},{"@type":"Organization","@id":"https:\/\/air.esi.uclm.es\/vrzoco\/#organization","name":"Proyecto Vrzoco","url":"https:\/\/air.esi.uclm.es\/vrzoco\/","logo":{"@type":"ImageObject","inLanguage":"es","@id":"https:\/\/air.esi.uclm.es\/vrzoco\/#\/schema\/logo\/image\/","url":"https:\/\/air.esi.uclm.es\/vrzoco\/wp-content\/uploads\/2024\/11\/vrzoco_logos.png","contentUrl":"https:\/\/air.esi.uclm.es\/vrzoco\/wp-content\/uploads\/2024\/11\/vrzoco_logos.png","width":3579,"height":282,"caption":"Proyecto Vrzoco"},"image":{"@id":"https:\/\/air.esi.uclm.es\/vrzoco\/#\/schema\/logo\/image\/"}}]}},"_links":{"self":[{"href":"https:\/\/air.esi.uclm.es\/vrzoco\/index.php\/wp-json\/wp\/v2\/pages\/25259","targetHints":{"allow":["GET"]}}],"collection":[{"href":"https:\/\/air.esi.uclm.es\/vrzoco\/index.php\/wp-json\/wp\/v2\/pages"}],"about":[{"href":"https:\/\/air.esi.uclm.es\/vrzoco\/index.php\/wp-json\/wp\/v2\/types\/page"}],"author":[{"embeddable":true,"href":"https:\/\/air.esi.uclm.es\/vrzoco\/index.php\/wp-json\/wp\/v2\/users\/1"}],"replies":[{"embeddable":true,"href":"https:\/\/air.esi.uclm.es\/vrzoco\/index.php\/wp-json\/wp\/v2\/comments?post=25259"}],"version-history":[{"count":31,"href":"https:\/\/air.esi.uclm.es\/vrzoco\/index.php\/wp-json\/wp\/v2\/pages\/25259\/revisions"}],"predecessor-version":[{"id":25801,"href":"https:\/\/air.esi.uclm.es\/vrzoco\/index.php\/wp-json\/wp\/v2\/pages\/25259\/revisions\/25801"}],"wp:attachment":[{"href":"https:\/\/air.esi.uclm.es\/vrzoco\/index.php\/wp-json\/wp\/v2\/media?parent=25259"}],"curies":[{"name":"wp","href":"https:\/\/api.w.org\/{rel}","templated":true}]}}