{"id":25267,"date":"2023-06-30T07:16:45","date_gmt":"2023-06-30T05:16:45","guid":{"rendered":"http:\/\/air.esi.uclm.es\/vrzoco\/?page_id=25267"},"modified":"2026-02-25T13:24:36","modified_gmt":"2026-02-25T12:24:36","slug":"publications","status":"publish","type":"page","link":"https:\/\/air.esi.uclm.es\/vrzoco\/index.php\/results\/publications\/","title":{"rendered":"Publications"},"content":{"rendered":"\t\t<div data-elementor-type=\"wp-post\" data-elementor-id=\"25267\" class=\"elementor elementor-25267\">\n\t\t\t\t\t\t<section class=\"elementor-section elementor-top-section elementor-element elementor-element-65ddfad3 elementor-section-boxed elementor-section-height-default elementor-section-height-default\" data-id=\"65ddfad3\" data-element_type=\"section\" data-settings=\"{&quot;background_background&quot;:&quot;gradient&quot;}\">\n\t\t\t\t\t\t<div class=\"elementor-container elementor-column-gap-default\">\n\t\t\t\t\t<div class=\"elementor-column elementor-col-100 elementor-top-column elementor-element elementor-element-c947ffe\" data-id=\"c947ffe\" data-element_type=\"column\">\n\t\t\t<div class=\"elementor-widget-wrap elementor-element-populated\">\n\t\t\t\t\t\t<div class=\"elementor-element elementor-element-35eed52 elementor-widget elementor-widget-image-box\" data-id=\"35eed52\" data-element_type=\"widget\" data-widget_type=\"image-box.default\">\n\t\t\t\t<div class=\"elementor-widget-container\">\n\t\t\t<div class=\"elementor-image-box-wrapper\"><div class=\"elementor-image-box-content\"><h1 class=\"elementor-image-box-title\">Publications<\/h1><p class=\"elementor-image-box-description\">Some of the results of the project have been presented at national and international conferences, chaper books, and in JCR indexed journals..<\/p><\/div><\/div>\t\t<\/div>\n\t\t\t\t<\/div>\n\t\t\t\t\t<\/div>\n\t\t<\/div>\n\t\t\t\t\t<\/div>\n\t\t<\/section>\n\t\t\t\t<section class=\"elementor-section elementor-top-section elementor-element elementor-element-02e2b8e elementor-section-boxed elementor-section-height-default elementor-section-height-default\" data-id=\"02e2b8e\" data-element_type=\"section\">\n\t\t\t\t\t\t<div class=\"elementor-container elementor-column-gap-default\">\n\t\t\t\t\t<div class=\"elementor-column elementor-col-100 elementor-top-column elementor-element elementor-element-31f8dae\" data-id=\"31f8dae\" data-element_type=\"column\">\n\t\t\t<div class=\"elementor-widget-wrap elementor-element-populated\">\n\t\t\t\t\t\t<div class=\"elementor-element elementor-element-3759bc0 elementor-widget elementor-widget-heading\" data-id=\"3759bc0\" data-element_type=\"widget\" data-widget_type=\"heading.default\">\n\t\t\t\t<div class=\"elementor-widget-container\">\n\t\t\t<h2 class=\"elementor-heading-title elementor-size-default\">Research Papers<\/h2>\t\t<\/div>\n\t\t\t\t<\/div>\n\t\t\t\t<div class=\"elementor-element elementor-element-3c0dbc7 elementor-widget elementor-widget-text-editor\" data-id=\"3c0dbc7\" data-element_type=\"widget\" data-widget_type=\"text-editor.default\">\n\t\t\t\t<div class=\"elementor-widget-container\">\n\t\t\t\t\t\t\t<p>[J] Journal, [IC] International Conference, [NC] National Conference<\/p>\t\t\t\t\t\t<\/div>\n\t\t\t\t<\/div>\n\t\t\t\t<div class=\"elementor-element elementor-element-1a4f1a2 elementor-widget elementor-widget-text-editor\" data-id=\"1a4f1a2\" data-element_type=\"widget\" data-widget_type=\"text-editor.default\">\n\t\t\t\t<div class=\"elementor-widget-container\">\n\t\t\t\t\t\t\t<ul><li class=\"zfr3Q TYR86d eD0Rn \" dir=\"ltr\"><p class=\"zfr3Q CDt4Ke \" dir=\"ltr\" role=\"presentation\"><span class=\"C9DxTc \">[J]\u00a0<\/span><span class=\"C9DxTc \">R. Grande, J. Albusac, S.S\u00e1nchez-Sobrino, D. Vallejo, J.J Castro-Schez<\/span><span class=\"C9DxTc \">.\u00a0<\/span><span class=\"C9DxTc \">Gamifying Virtual Reality shopping experiences: a case study on a real-world scenario<\/span><span class=\"C9DxTc \">.\u00a0<\/span><span class=\"C9DxTc \">Virtual Reality<\/span><span class=\"C9DxTc \">,\u00a0<\/span><span class=\"C9DxTc \">Springer Nature Link, 202<\/span><span class=\"C9DxTc \">6<\/span><span class=\"C9DxTc \">\u00a0(IF 5.0; Q1)<\/span><span class=\"C9DxTc \">,\u00a0<\/span><a class=\"XqQF9c\" href=\"https:\/\/doi.org\/10.1007\/s10055-026-01323-4\" target=\"_blank\" rel=\"noopener\"><span class=\"C9DxTc aw5Odc \">https:\/\/doi.org\/10.1007\/s10055-026-01323-4<\/span><\/a><span class=\"C9DxTc \">\u00a0<\/span><\/p><\/li><li class=\"zfr3Q TYR86d eD0Rn \" dir=\"ltr\"><p class=\"zfr3Q CDt4Ke \" dir=\"ltr\" role=\"presentation\"><span class=\"C9DxTc \">[J]\u00a0<\/span><span class=\"C9DxTc \">R. Grande, J. Albusac, V. Herrera, D. Monekosso, A. de los Reyes-Guzman, D. Vallejo, and J.J. Castro-Schez.\u00a0<\/span><span class=\"C9DxTc \">Enhancing Hand Interactions and Accessibility in Virtual Reality Environments for Users With Motor Disabilities: A Practical Case Study on VR-Shopping<\/span><span class=\"C9DxTc \">, in\u00a0<\/span><span class=\"C9DxTc \">IEEE Access<\/span><span class=\"C9DxTc \">, vol. 13, pp. 44062-44089, 2025,\u00a0<\/span><a class=\"XqQF9c\" href=\"https:\/\/ieeexplore.ieee.org\/document\/10918638\" target=\"_blank\" rel=\"noopener\"><span class=\"C9DxTc aw5Odc \">doi: 10.1109\/ACCESS.2025.3549527<\/span><\/a><\/p><\/li><li dir=\"ltr\"><p dir=\"ltr\" role=\"presentation\">[J] R. Grande, J. Albusac, D. Vallejo, C. Gonzalez-Morcillo, S. Sanchez-Sobrino, J.J Castro-Schez. <strong>Virtual Reality Shopping-Insights: A data-driven framework to assist the design and development of Virtual Reality shopping environments<\/strong><strong>.<\/strong> SoftwareX, vol. 27, pages 101874, 2024 &#8211; \u00a0<span style=\"font-style: inherit;\">IF 2.4<\/span><span style=\"font-style: inherit;\">. [<a href=\"https:\/\/doi.org\/10.1016\/j.softx.2024.101874\">DOI<\/a>]\u00a0<\/span><span style=\"font-style: inherit;\">.\u00a0<\/span><\/p><\/li><li dir=\"ltr\"><p dir=\"ltr\" role=\"presentation\">[J] J.J Castro-Schez, R. Grande, V. Herrrera, S. Sanchez-Sobrino, D. Vallejo, J. Albusac. <strong>E-marketplaces, state of the art and trends: VR-ZOCO &#8211; an architectural proposal for the future.<\/strong> Applied System Innovation, vol. 7, \u00a0no. 5, pages 76, 2024 &#8211;\u00a0<span style=\"font-style: inherit;\">IF: 3.8<\/span><span style=\"font-style: inherit;\">. [<a href=\"https:\/\/doi.org\/10.3390\/asi7050076\">DOI<\/a>].<\/span><\/p><\/li><li dir=\"ltr\"><p dir=\"ltr\" role=\"presentation\">[J] Rub\u00e9n Grande, Javier Albusac, David Vallejo, Carlos Glez-Morcillo, Jos\u00e9 Jes\u00fas Castro-Schez. <strong>Performance Evaluation and Optimization of 3D models from Low-Cost 3D Scanning Technologies for Virtual Reality and Metaverse E-Commerce<\/strong>. Applied Sciences, \u00a0vol. 14, no. 14, pages 6037, 2024 &#8211; IF: 2.5. [<a href=\"https:\/\/doi.org\/10.3390\/app14146037\">DOI<\/a>]<\/p><\/li><li dir=\"ltr\"><p dir=\"ltr\" role=\"presentation\">[B] Grande, R., S\u00e1nchez-Sobrino, S., Vallejo, D., Castro-Schez, J.J., Albusac, J.A. (2024). <strong>Narrowing the Technological Gap by Promoting Small Commerce Through VR and AI for a Lifelike E-Commerce Experience: Needs and Solutions<\/strong><strong>.<\/strong> In: Filipe, J., \u015amia\u0142ek, M., Brodsky, A., Hammoudi, S. (eds) Enterprise Information Systems. ICEIS 2023. Lecture Notes in Business Information Processing, vol. 519, pages 92-112. Springer, Cham. [<a href=\"https:\/\/doi.org\/10.1007\/978-3-031-64755-0_5\">DOI<\/a>]<\/p><\/li><li dir=\"ltr\" role=\"presentation\">[NC] Grande, R.; Herrera, V.; Glez-Morcillo, C.; de los Reyes, A.; Castro-Schez, J.J.; Albusac, J.; \u00a0<b>Adaption of interaction mechanism in Virtual Reality shopping environments for people with upper limb motor difficulties<\/b>. Congreso Espa\u00f1ol de Inform\u00e1tica Gr\u00e1fica (CEIG&#8217;24), Espa\u00f1a, La Coru\u00f1a, Junio 17-21, 2024. [<a href=\"https:\/\/doi.org\/10.2312\/ceig.20241143\">DOI<\/a>]<\/li><\/ul><ul><li dir=\"ltr\" role=\"presentation\">[NC] Garrido, M.; Castro-Schez, J.J.; Vallejo, D.; Grande, R.; S\u00e1nchez-Sobrino, S.; Albusac, J. <b>Dotando de nuevas funcionalidades a los portales de comercio electr\u00f3nico<\/b>. XXII Congreso Espa\u00f1ol sobre Tecnolog\u00edas y L\u00f3gica Fuzzy (ESTYLF24), Espa\u00f1a, La Coru\u00f1a, Junio 19-21, 2024.<\/li><\/ul><ul><li dir=\"ltr\" role=\"presentation\">[IC] Grande, R.; Albusac, J.; S\u00e1nchez-Sobrino, S.; Vallejo, D.; Castro-Schez, J.J.; Glez-Morcillo, C. <b>Exploring interaction mechanisms and perceived realims in different virtual reality shopping setups<\/b>. 26th International Conference on Enterprise Information Systems (ICEIS 2024), vol. 2, pages 503-510, Francia,\u00a0Angers, Abril 28-30, 2024. [<a href=\"https:\/\/doi.org\/10.5220\/0012626000003690\">DOI<\/a>]<\/li><\/ul><ul><li dir=\"ltr\" role=\"presentation\">[IC] Garrido, M.; Castro-Schez, J.J.; Grande, R.; S\u00e1nchez-Sobrino, S.; Vallejo, D. <b>Enhancement of the online presence of small and medium sized enterprises with the minimum impact on traditional business activities in towns and cities<\/b>. 26th International Conference on Enterprise Information Systems (ICEIS 2024), vol. 1, pages: 987-994, Francia,\u00a0Angers, Abril 28-30, 2024. [<a href=\"https:\/\/doi.org\/10.5220\/0012630600003690\">DOI<\/a>]<\/li><\/ul><ul><li dir=\"ltr\" role=\"presentation\">[IC] Garrido, M.; Grande, R.; Martinez-Cid, S.; Glez-Morcillo, C.; Castro-Schez, J.J.; Albusac, J. <b>User activity monitoring and personalized recommendations for enhancing the VR shopping experience<\/b>. 6th IEEE International Conference on Artificial Intelligence &amp; eXtended and Virtual Reality (IEEE AIxVR), pages 176-184, USA, Los \u00c1ngeles, Enero 17-19, 2024. [<a href=\"https:\/\/doi.org\/10.1109\/AIxVR59861.2024.00030\">DOI<\/a>]\u00a0<\/li><\/ul><ul><li dir=\"ltr\" role=\"presentation\">[IC] Grande, R.; S\u00e1nchez, S.; Vallejo, D.; Castro-Schez, J.J.; Albusac, J. <b>A Virtual Reality Shopping platform for enhancing e-commerce activities of small businesses and local economies<\/b>. IEEE International Symposium on Mixed and Augmented Reality (ISMAR 2023) [Rank A*], pages 793-796, Australia, Sydney, Octubre 16-20,\u00a02023. [<a href=\"https:\/\/doi.ieeecomputersociety.org\/10.1109\/ISMAR-Adjunct60411.2023.00175\">DOI<\/a>]<\/li><\/ul><ul><li dir=\"ltr\" role=\"presentation\">[IC] Grande, R.; S\u00e1nchez-Sobrino, S.; Vallejo, D.; Castro-Schez, J.J.; Albusac, J.<b>\u00a0<\/b><b>Supporting small businesses and local economies through Virtual Reality shopping and Artificial Intelligence: a position paper<\/b>. 25th International Conference on Enterprise Information Systems (ICEIS 2023), vol. 2, pages 312-319, Rep\u00fablica Checa,\u00a0Praga, Abril 24-26, 2023. [<a href=\"https:\/\/www.scitepress.org\/Link.aspx?doi=10.5220\/0011964600003467\">DOI<\/a>]<\/li><\/ul>\t\t\t\t\t\t<\/div>\n\t\t\t\t<\/div>\n\t\t\t\t\t<\/div>\n\t\t<\/div>\n\t\t\t\t\t<\/div>\n\t\t<\/section>\n\t\t\t\t<\/div>\n\t\t","protected":false},"excerpt":{"rendered":"<p>Publications Some of the results of the project have been presented at national and international conferences, chaper books, and in JCR indexed journals.. Research Papers [J] Journal, [IC] International Conference, [NC] National Conference [J]\u00a0R. Grande, J. Albusac, S.S\u00e1nchez-Sobrino, D. Vallejo, J.J Castro-Schez.\u00a0Gamifying Virtual Reality shopping experiences: a case study on a real-world scenario.\u00a0Virtual Reality,\u00a0Springer Nature &hellip;<\/p>\n<p class=\"read-more\"> <a class=\"\" href=\"https:\/\/air.esi.uclm.es\/vrzoco\/index.php\/results\/publications\/\"> <span class=\"screen-reader-text\">Publications<\/span> Leer m\u00e1s &raquo;<\/a><\/p>\n","protected":false},"author":1,"featured_media":0,"parent":25265,"menu_order":0,"comment_status":"closed","ping_status":"closed","template":"","meta":{"site-sidebar-layout":"no-sidebar","site-content-layout":"page-builder","ast-global-header-display":"","ast-banner-title-visibility":"","ast-main-header-display":"","ast-hfb-above-header-display":"","ast-hfb-below-header-display":"","ast-hfb-mobile-header-display":"","site-post-title":"disabled","ast-breadcrumbs-content":"","ast-featured-img":"disabled","footer-sml-layout":"","theme-transparent-header-meta":"enabled","adv-header-id-meta":"","stick-header-meta":"","header-above-stick-meta":"","header-main-stick-meta":"","header-below-stick-meta":"","footnotes":""},"class_list":["post-25267","page","type-page","status-publish","hentry"],"yoast_head":"<!-- This site is optimized with the Yoast SEO plugin v23.8 - https:\/\/yoast.com\/wordpress\/plugins\/seo\/ -->\n<title>Publications - Proyecto Vrzoco<\/title>\n<meta name=\"robots\" content=\"index, follow, max-snippet:-1, max-image-preview:large, max-video-preview:-1\" \/>\n<link rel=\"canonical\" href=\"https:\/\/air.esi.uclm.es\/vrzoco\/index.php\/results\/publications\/\" \/>\n<meta property=\"og:locale\" content=\"es_ES\" \/>\n<meta property=\"og:type\" content=\"article\" \/>\n<meta property=\"og:title\" content=\"Publications - Proyecto Vrzoco\" \/>\n<meta property=\"og:description\" content=\"Publications Some of the results of the project have been presented at national and international conferences, chaper books, and in JCR indexed journals.. Research Papers [J] Journal, [IC] International Conference, [NC] National Conference [J]\u00a0R. Grande, J. Albusac, S.S\u00e1nchez-Sobrino, D. Vallejo, J.J Castro-Schez.\u00a0Gamifying Virtual Reality shopping experiences: a case study on a real-world scenario.\u00a0Virtual Reality,\u00a0Springer Nature &hellip; Publications Leer m\u00e1s &raquo;\" \/>\n<meta property=\"og:url\" content=\"https:\/\/air.esi.uclm.es\/vrzoco\/index.php\/results\/publications\/\" \/>\n<meta property=\"og:site_name\" content=\"Proyecto Vrzoco\" \/>\n<meta property=\"article:modified_time\" content=\"2026-02-25T12:24:36+00:00\" \/>\n<meta name=\"twitter:card\" content=\"summary_large_image\" \/>\n<meta name=\"twitter:label1\" content=\"Tiempo de lectura\" \/>\n\t<meta name=\"twitter:data1\" content=\"3 minutos\" \/>\n<script type=\"application\/ld+json\" class=\"yoast-schema-graph\">{\"@context\":\"https:\/\/schema.org\",\"@graph\":[{\"@type\":\"WebPage\",\"@id\":\"https:\/\/air.esi.uclm.es\/vrzoco\/index.php\/results\/publications\/\",\"url\":\"https:\/\/air.esi.uclm.es\/vrzoco\/index.php\/results\/publications\/\",\"name\":\"Publications - Proyecto Vrzoco\",\"isPartOf\":{\"@id\":\"https:\/\/air.esi.uclm.es\/vrzoco\/#website\"},\"datePublished\":\"2023-06-30T05:16:45+00:00\",\"dateModified\":\"2026-02-25T12:24:36+00:00\",\"breadcrumb\":{\"@id\":\"https:\/\/air.esi.uclm.es\/vrzoco\/index.php\/results\/publications\/#breadcrumb\"},\"inLanguage\":\"es\",\"potentialAction\":[{\"@type\":\"ReadAction\",\"target\":[\"https:\/\/air.esi.uclm.es\/vrzoco\/index.php\/results\/publications\/\"]}]},{\"@type\":\"BreadcrumbList\",\"@id\":\"https:\/\/air.esi.uclm.es\/vrzoco\/index.php\/results\/publications\/#breadcrumb\",\"itemListElement\":[{\"@type\":\"ListItem\",\"position\":1,\"name\":\"Portada\",\"item\":\"https:\/\/air.esi.uclm.es\/vrzoco\/\"},{\"@type\":\"ListItem\",\"position\":2,\"name\":\"Results\",\"item\":\"https:\/\/air.esi.uclm.es\/vrzoco\/index.php\/results\/\"},{\"@type\":\"ListItem\",\"position\":3,\"name\":\"Publications\"}]},{\"@type\":\"WebSite\",\"@id\":\"https:\/\/air.esi.uclm.es\/vrzoco\/#website\",\"url\":\"https:\/\/air.esi.uclm.es\/vrzoco\/\",\"name\":\"Proyecto Vrzoco\",\"description\":\"\",\"publisher\":{\"@id\":\"https:\/\/air.esi.uclm.es\/vrzoco\/#organization\"},\"potentialAction\":[{\"@type\":\"SearchAction\",\"target\":{\"@type\":\"EntryPoint\",\"urlTemplate\":\"https:\/\/air.esi.uclm.es\/vrzoco\/?s={search_term_string}\"},\"query-input\":{\"@type\":\"PropertyValueSpecification\",\"valueRequired\":true,\"valueName\":\"search_term_string\"}}],\"inLanguage\":\"es\"},{\"@type\":\"Organization\",\"@id\":\"https:\/\/air.esi.uclm.es\/vrzoco\/#organization\",\"name\":\"Proyecto Vrzoco\",\"url\":\"https:\/\/air.esi.uclm.es\/vrzoco\/\",\"logo\":{\"@type\":\"ImageObject\",\"inLanguage\":\"es\",\"@id\":\"https:\/\/air.esi.uclm.es\/vrzoco\/#\/schema\/logo\/image\/\",\"url\":\"https:\/\/air.esi.uclm.es\/vrzoco\/wp-content\/uploads\/2024\/11\/vrzoco_logos.png\",\"contentUrl\":\"https:\/\/air.esi.uclm.es\/vrzoco\/wp-content\/uploads\/2024\/11\/vrzoco_logos.png\",\"width\":3579,\"height\":282,\"caption\":\"Proyecto Vrzoco\"},\"image\":{\"@id\":\"https:\/\/air.esi.uclm.es\/vrzoco\/#\/schema\/logo\/image\/\"}}]}<\/script>\n<!-- \/ Yoast SEO plugin. -->","yoast_head_json":{"title":"Publications - Proyecto Vrzoco","robots":{"index":"index","follow":"follow","max-snippet":"max-snippet:-1","max-image-preview":"max-image-preview:large","max-video-preview":"max-video-preview:-1"},"canonical":"https:\/\/air.esi.uclm.es\/vrzoco\/index.php\/results\/publications\/","og_locale":"es_ES","og_type":"article","og_title":"Publications - Proyecto Vrzoco","og_description":"Publications Some of the results of the project have been presented at national and international conferences, chaper books, and in JCR indexed journals.. Research Papers [J] Journal, [IC] International Conference, [NC] National Conference [J]\u00a0R. Grande, J. Albusac, S.S\u00e1nchez-Sobrino, D. Vallejo, J.J Castro-Schez.\u00a0Gamifying Virtual Reality shopping experiences: a case study on a real-world scenario.\u00a0Virtual Reality,\u00a0Springer Nature &hellip; Publications Leer m\u00e1s &raquo;","og_url":"https:\/\/air.esi.uclm.es\/vrzoco\/index.php\/results\/publications\/","og_site_name":"Proyecto Vrzoco","article_modified_time":"2026-02-25T12:24:36+00:00","twitter_card":"summary_large_image","twitter_misc":{"Tiempo de lectura":"3 minutos"},"schema":{"@context":"https:\/\/schema.org","@graph":[{"@type":"WebPage","@id":"https:\/\/air.esi.uclm.es\/vrzoco\/index.php\/results\/publications\/","url":"https:\/\/air.esi.uclm.es\/vrzoco\/index.php\/results\/publications\/","name":"Publications - Proyecto Vrzoco","isPartOf":{"@id":"https:\/\/air.esi.uclm.es\/vrzoco\/#website"},"datePublished":"2023-06-30T05:16:45+00:00","dateModified":"2026-02-25T12:24:36+00:00","breadcrumb":{"@id":"https:\/\/air.esi.uclm.es\/vrzoco\/index.php\/results\/publications\/#breadcrumb"},"inLanguage":"es","potentialAction":[{"@type":"ReadAction","target":["https:\/\/air.esi.uclm.es\/vrzoco\/index.php\/results\/publications\/"]}]},{"@type":"BreadcrumbList","@id":"https:\/\/air.esi.uclm.es\/vrzoco\/index.php\/results\/publications\/#breadcrumb","itemListElement":[{"@type":"ListItem","position":1,"name":"Portada","item":"https:\/\/air.esi.uclm.es\/vrzoco\/"},{"@type":"ListItem","position":2,"name":"Results","item":"https:\/\/air.esi.uclm.es\/vrzoco\/index.php\/results\/"},{"@type":"ListItem","position":3,"name":"Publications"}]},{"@type":"WebSite","@id":"https:\/\/air.esi.uclm.es\/vrzoco\/#website","url":"https:\/\/air.esi.uclm.es\/vrzoco\/","name":"Proyecto Vrzoco","description":"","publisher":{"@id":"https:\/\/air.esi.uclm.es\/vrzoco\/#organization"},"potentialAction":[{"@type":"SearchAction","target":{"@type":"EntryPoint","urlTemplate":"https:\/\/air.esi.uclm.es\/vrzoco\/?s={search_term_string}"},"query-input":{"@type":"PropertyValueSpecification","valueRequired":true,"valueName":"search_term_string"}}],"inLanguage":"es"},{"@type":"Organization","@id":"https:\/\/air.esi.uclm.es\/vrzoco\/#organization","name":"Proyecto Vrzoco","url":"https:\/\/air.esi.uclm.es\/vrzoco\/","logo":{"@type":"ImageObject","inLanguage":"es","@id":"https:\/\/air.esi.uclm.es\/vrzoco\/#\/schema\/logo\/image\/","url":"https:\/\/air.esi.uclm.es\/vrzoco\/wp-content\/uploads\/2024\/11\/vrzoco_logos.png","contentUrl":"https:\/\/air.esi.uclm.es\/vrzoco\/wp-content\/uploads\/2024\/11\/vrzoco_logos.png","width":3579,"height":282,"caption":"Proyecto Vrzoco"},"image":{"@id":"https:\/\/air.esi.uclm.es\/vrzoco\/#\/schema\/logo\/image\/"}}]}},"_links":{"self":[{"href":"https:\/\/air.esi.uclm.es\/vrzoco\/index.php\/wp-json\/wp\/v2\/pages\/25267","targetHints":{"allow":["GET"]}}],"collection":[{"href":"https:\/\/air.esi.uclm.es\/vrzoco\/index.php\/wp-json\/wp\/v2\/pages"}],"about":[{"href":"https:\/\/air.esi.uclm.es\/vrzoco\/index.php\/wp-json\/wp\/v2\/types\/page"}],"author":[{"embeddable":true,"href":"https:\/\/air.esi.uclm.es\/vrzoco\/index.php\/wp-json\/wp\/v2\/users\/1"}],"replies":[{"embeddable":true,"href":"https:\/\/air.esi.uclm.es\/vrzoco\/index.php\/wp-json\/wp\/v2\/comments?post=25267"}],"version-history":[{"count":46,"href":"https:\/\/air.esi.uclm.es\/vrzoco\/index.php\/wp-json\/wp\/v2\/pages\/25267\/revisions"}],"predecessor-version":[{"id":25826,"href":"https:\/\/air.esi.uclm.es\/vrzoco\/index.php\/wp-json\/wp\/v2\/pages\/25267\/revisions\/25826"}],"up":[{"embeddable":true,"href":"https:\/\/air.esi.uclm.es\/vrzoco\/index.php\/wp-json\/wp\/v2\/pages\/25265"}],"wp:attachment":[{"href":"https:\/\/air.esi.uclm.es\/vrzoco\/index.php\/wp-json\/wp\/v2\/media?parent=25267"}],"curies":[{"name":"wp","href":"https:\/\/api.w.org\/{rel}","templated":true}]}}